{"id":16,"date":"2017-05-17T07:58:23","date_gmt":"2017-05-17T07:58:23","guid":{"rendered":"http:\/\/www.cycle-sport.de\/velo-neu\/?page_id=16"},"modified":"2020-10-15T09:51:06","modified_gmt":"2020-10-15T09:51:06","slug":"anfahrt-und-kontakt","status":"publish","type":"page","link":"https:\/\/www.cycle-sport.de\/velo\/anfahrt-und-kontakt\/","title":{"rendered":"Anfahrt und Kontakt"},"content":{"rendered":"<p><iframe loading=\"lazy\" style=\"border: 0;\" src=\"https:\/\/www.google.com\/maps\/embed?pb=!1m18!1m12!1m3!1d2610.04052998971!2d9.227966715873634!3d49.142854888588595!2m3!1f0!2f0!3f0!3m2!1i1024!2i768!4f13.1!3m3!1m2!1s0x47982f6bef218a87%3A0xf76b40774e69dc36!2sCycle+Sport+Oststra%C3%9Fe+96%2C+74072+Heilbronn!5e0!3m2!1sde!2sde!4v1495013224602\" allowfullscreen=\"allowfullscreen\" width=\"95%\" height=\"450\" frameborder=\"0\"><\/iframe><\/p>\n<p><b>Kostenlose Parkpl\u00e4tze im Hof!<\/b> <\/p>\n<p><b>Kontakt und Impressum<\/b><\/p>\n<p>Verantwortlich f\u00fcr den Inhalt dieser Seiten<\/p>\n<div style=\"margin-left: 40px;\">Cycle-Sport Ebner<br \/>\nInhaber: Michael Ebner<br \/>\nOststra\u00dfe 96<br \/>\n74072 HeilbronnFon: 07131 \/ 17 29 50<br \/>\nFax: 07131 \/ 16 23 11<\/div>\n<div style=\"margin-left: 40px;\">Email: velo@cycle-sport.de<\/div>\n<div style=\"margin-left: 40px;\">Ust. Ident. Nr.: DE 814 314 624<\/div>\n<div style=\"margin-left: 40px;\">&nbsp;<\/div>\n<p>Wir sind Mitglied der Industrie- und Handelskammer Heilbronn.<\/p>\n<div style=\"font-size: 80%;\">\n<p><b>Links<\/b><\/p>\n<p>Wir weisen ausdr\u00fccklich darauf hin, da\u00df zum Zeitpunkt der Linksetzung auf fremde Seiten dort keine illegalen Inhalte erkennbar waren. Wir pr\u00fcfen Links regelm\u00e4\u00dfig. Dennoch kann es vorkommen, da\u00df sich die Inhalte der verlinkten Seiten \u00e4ndern, Seiten ganz aus dem Netz genommen werden oder Eigent\u00fcmer wechseln. Sollten Sie auf solche Links sto\u00dfen, w\u00fcrden wir uns \u00fcber eine kurze Mitteilung an <a href=\"mailto:velo@cycle-sport.de\">velo@cycle-sport.de<\/a> bedanken.<\/p>\n<p>Einige Links verweisen auf die internationalen Seiten unserer Zulieferer. Die Inhalte dieser Seiten unterliegen insbesondere hinsichtlich technischen Normen, Gr\u00f6\u00dfenangaben und Preisauszeichnung anderen Bestimmungen als in der EU \u00fcblich. Wir wollen Ihnen diese Seiten dennoch nicht vorenthalten, bitten Sie aber, dies beim Besuch der fremden Seiten zu ber\u00fccksichtigen.<\/p>\n<p>Verlinkte Seiten sind nicht Teil des Online-Angebotes von Cycle-Sport. F\u00fcr die Inhalte der verlinkten Seiten ist ausschlie\u00dflich der Betreiber der jeweiligen Seite verantwortlich.<\/p>\n<p><b>Richtigkeit und Vollst\u00e4ndigkeit<\/b><\/p>\n<p>Wir \u00fcbernehmen keine Garantie f\u00fcr die Richtigkeit und Vollst\u00e4ndigkeit der hier angebotenen Informationen. Inhalte dieser Webseite sind nicht Vertragsbestandteil beim Kauf in unserem Ladengesch\u00e4ft.<\/p>\n<p>Insbesondere Artikelbeschreibungen und Austattungsdetails sind gelegentlichen \u00c4nderungen ausgesetzt. Wir sind in diesem Punkt in starkem Ma\u00dfe von unseren Zulieferern abh\u00e4ngig und k\u00f6nnen \u2014 obwohl wir uns um die Aktualit\u00e4t unserer Webseite bem\u00fchen \u2014 nicht jede Detail\u00e4nderung sofort in unser Online-Angebot aufnehmen.<\/p>\n<p><!-- Auch bei den Angebote in der Schn\u00e4ppchenecke handelt es sich oft um schnell vergriffene Einzelst\u00fccke. Wir m\u00f6chten Sie deshalb bitten, Fragen nach Lieferbarkeit von Artikeln oder Ausstattungsdetails telefonisch oder im pers\u00f6nlichen Gespr\u00e4ch mit unseren Verk\u00e4ufern abzukl\u00e4ren. --><\/p>\n<p><b>Datenschutzerkl&auml;rung<\/b><br \/>\n<b>Datenschutz<\/b> <\/p>\n<p>Die Betreiber dieser Seiten nehmen den Schutz Ihrer pers&ouml;nlichen Daten sehr ernst. Wir behandeln Ihre personenbezogenen Daten vertraulich und entsprechend der gesetzlichen Datenschutzvorschriften sowie dieser<br \/>\nDatenschutzerkl&auml;rung.<\/p>\n<p>Die Nutzung unserer Website ist in der Regel ohne Angabe personenbezogener Daten m&ouml;glich.<\/p>\n<p>Wir weisen darauf hin, dass die Daten&uuml;bertragung im Internet (z.B. bei der Kommunikation per E-Mail) Sicherheitsl&uuml;cken aufweisen kann. Ein l&uuml;ckenloser Schutz der Daten vor dem Zugriff durch Dritte ist nicht m&ouml;glich.<\/p>\n<p><b>Server-Logfiles<\/b> <\/p>\n<p>Der Provider der Seiten erhebt und speichert automatisch Informationen in so genannten Server-Logfiles, die Ihr Browser automatisch an uns &uuml;bermittelt. Dies sind:<\/p>\n<ul>\n<li>Browsertyp und Browserversion (auf Browser-Ebene abschaltbar)<\/li>\n<li>verwendetes Betriebssystem (auf Browser-Ebene abschaltbar)<\/li>\n<li>Referrer URL (auf Browser-Ebene abschaltbar)<\/li>\n<li>IP-Adresse des zugreifenden Rechners<\/li>\n<li>Uhrzeit der Serveranfrage<\/li>\n<\/ul>\n<p>Diese Daten sind nicht bestimmten Personen zuordenbar. Eine Zusammenf&uuml;hrung dieser Daten mit anderen Datenquellen wird nicht vorgenommen. Die Daten werden nicht an Dritte weitergegeben. Wir behalten uns vor, diese Daten nachtr&auml;glich zu pr&uuml;fen, wenn uns konkrete Anhaltspunkte f&uuml;r eine rechtswidrige Nutzung bekannt werden. Logfiles l\u00f6schen wir nach vier Wochen.<\/p>\n<p><b>Verwendung von Google-Diensten (Webfonts und Maps)<\/b><\/p>\n<p>Um eine einheitliche Darstellung von Schriften ungeachtet der auf dem Client-Rechner installierten Schriften zu gew\u00e4hrleisten, binden wir sogenannte Webfonts von Google Fonts ein. F\u00fcr die Anfahrtskarte wird Google Maps benutzt. Google Fonts und Maps sind Dienste des  Unternehmens Google Inc. (&#8220;Google&#8221;). Die Einbindung von Web Fonts und Karte erfolgt durch einen Serveraufruf, in der Regel ein Server von Google in den USA oder Irland. Hierdurch wird (je nach Einstellungen Ihres Browsers) an den Server \u00fcbermittelt, welche unserer Webseiten Sie besucht haben. Auch wird die IP-Adresse des Browsers des Endger\u00e4tes des Besuchers dieser Webseiten von Google gespeichert. N\u00e4here Informationen finden Sie in den Datenschutzhinweisen von Google, die Sie hier abrufen k\u00f6nnen:<\/p>\n<p> <a target=\"_blank\" href=\"https:\/\/www.google.com\/fonts#AboutPlace:about\">www.google.com\/fonts#AboutPlace:about<\/a> und<br \/>\n<a target=\"_blank\" href=\"https:\/\/www.google.com\/policies\/privacy\/\">www.google.com\/policies\/privacy\/<\/a><\/p>\n<p>Quelle (teilweise): <a href=\"https:\/\/www.e-recht24.de\/muster-\ndatenschutzerklaerung.html\">https:\/\/www.e-recht24.de\/muster-datenschutzerklaerung.html<\/a><\/p>\n<p><b>Umsetzung<\/b><\/p>\n<p>Die Fassadengestaltung und das Lichtkonzept von Cycle Sport wurden durch <a href=\"http:\/\/www.via-modular.de\/\" target=\"_blank\" rel=\"noopener noreferrer\">Via Modular<\/a> durchgef\u00fchrt. Die Umsetzung dieser Webseite erfolgte durch Mattias Schlenker. Als Basis dient WordPress mit dem <a href=\"https:\/\/athemes.com\/theme\/sydney\" target=\"_blank\" rel=\"noopener noreferrer\">Sydney-Theme<\/a> und eigenen Erweiterungen. Die Bilder auf der Startseite stammen von <a href=\"https:\/\/unsplash.com\/@johntorcasio\" target=\"_blank\" rel=\"noopener noreferrer\">John Torcasio<\/a>, <a href=\"https:\/\/unsplash.com\/@lopify\" target=\"_blank\" rel=\"noopener noreferrer\">Alejandro Lopez<\/a>, <a href=\"https:\/\/unsplash.com\/@wayneb250\" target=\"_blank\" rel=\"noopener noreferrer\">Wayne Bishop<\/a>, <a href=\"https:\/\/unsplash.com\/@two34\" target=\"_blank\" rel=\"noopener noreferrer\">Stefan Rayner<\/a>, <a href=\"https:\/\/unsplash.com\/@williamtm\" target=\"_blank\" rel=\"noopener noreferrer\">William Hook<\/a> (alle lizenziert unter Creative Commons Zero, via <a href=\"https:\/\/unsplash.com\/\" target=\"_blank\" rel=\"noopener noreferrer\">Unsplash<\/a>), Simplon (zwei Presse- und Imagefotos) und <a href=\"https:\/\/www.loc.gov\/item\/ncl2004002192\/PP\/\" target=\"_blank\" rel=\"noopener noreferrer\">Lewis Wickes<\/a> (gemeinfrei 70 Jahre nach Tod des Fotografen, via <a href=\"https:\/\/www.loc.gov\/search\/?fa=contributor%3Ahine%2C+lewis+wickes\" target=\"_blank\" rel=\"noopener noreferrer\">Library of Congress<\/a>).<\/p>\n<\/div>\n","protected":false},"excerpt":{"rendered":"<p>Kostenlose Parkpl\u00e4tze im Hof! Kontakt und Impressum Verantwortlich f\u00fcr den Inhalt dieser Seiten Cycle-Sport Ebner Inhaber: Michael Ebner Oststra\u00dfe 96 74072 HeilbronnFon: 07131 \/ 17 29 50 Fax: 07131 \/ 16 23 11 Email: velo@cycle-sport.de Ust. Ident. Nr.: DE 814 314 624 &nbsp; Wir sind Mitglied der Industrie- und Handelskammer Heilbronn. Links Wir weisen ausdr\u00fccklich [&hellip;]<\/p>\n","protected":false},"author":1,"featured_media":0,"parent":0,"menu_order":0,"comment_status":"closed","ping_status":"closed","template":"","meta":{"ngg_post_thumbnail":0,"footnotes":""},"class_list":["post-16","page","type-page","status-publish","hentry"],"_links":{"self":[{"href":"https:\/\/www.cycle-sport.de\/velo\/wp-json\/wp\/v2\/pages\/16","targetHints":{"allow":["GET"]}}],"collection":[{"href":"https:\/\/www.cycle-sport.de\/velo\/wp-json\/wp\/v2\/pages"}],"about":[{"href":"https:\/\/www.cycle-sport.de\/velo\/wp-json\/wp\/v2\/types\/page"}],"author":[{"embeddable":true,"href":"https:\/\/www.cycle-sport.de\/velo\/wp-json\/wp\/v2\/users\/1"}],"replies":[{"embeddable":true,"href":"https:\/\/www.cycle-sport.de\/velo\/wp-json\/wp\/v2\/comments?post=16"}],"version-history":[{"count":19,"href":"https:\/\/www.cycle-sport.de\/velo\/wp-json\/wp\/v2\/pages\/16\/revisions"}],"predecessor-version":[{"id":389,"href":"https:\/\/www.cycle-sport.de\/velo\/wp-json\/wp\/v2\/pages\/16\/revisions\/389"}],"wp:attachment":[{"href":"https:\/\/www.cycle-sport.de\/velo\/wp-json\/wp\/v2\/media?parent=16"}],"curies":[{"name":"wp","href":"https:\/\/api.w.org\/{rel}","templated":true}]}}